{"id":253,"date":"2025-12-14T12:32:51","date_gmt":"2025-12-14T11:32:51","guid":{"rendered":"https:\/\/www.greenwin.tech\/forms\/?page_id=253"},"modified":"2026-01-29T10:28:08","modified_gmt":"2026-01-29T09:28:08","slug":"formulaire-circular-wallonie-et-les-plastiques-dans-les-soins-de-sante-2-2-2","status":"publish","type":"page","link":"https:\/\/www.greenwin.tech\/forms\/?page_id=253","title":{"rendered":"Info Day &#038; Meet the Experts 2026"},"content":{"rendered":"\n<figure class=\"wp-block-image size-large\"><img decoding=\"async\" loading=\"lazy\" width=\"1024\" height=\"339\" src=\"https:\/\/www.greenwin.tech\/forms\/wp-content\/uploads\/2026\/01\/Info-day-2026-1-1024x339.jpg\" alt=\"\" class=\"wp-image-594\" srcset=\"https:\/\/www.greenwin.tech\/forms\/wp-content\/uploads\/2026\/01\/Info-day-2026-1-1024x339.jpg 1024w, https:\/\/www.greenwin.tech\/forms\/wp-content\/uploads\/2026\/01\/Info-day-2026-1-300x99.jpg 300w, https:\/\/www.greenwin.tech\/forms\/wp-content\/uploads\/2026\/01\/Info-day-2026-1-768x254.jpg 768w, https:\/\/www.greenwin.tech\/forms\/wp-content\/uploads\/2026\/01\/Info-day-2026-1.jpg 1200w\" sizes=\"(max-width: 709px) 85vw, (max-width: 909px) 67vw, (max-width: 1362px) 62vw, 840px\" \/><\/figure>\n\n\n\n<h2 class=\"has-text-align-center\">EU <strong>Circular &amp; Biobased Funding Opportunities 2026 <\/strong><\/h2>\n\n\n\n<h3 class=\"has-text-align-center\"><strong>INFO DAY &amp; MEET THE EXPERTS<\/strong><\/h3>\n\n\n\n<h6 class=\"has-text-align-center\"><strong>05.03.2026 &#8211; Maison de l&rsquo;Agriculture et de la Ruralit\u00e9 : Chauss\u00e9e de Namur 47 , 5030 Gembloux<\/strong><\/h6>\n\n\n\n<p>Le\u00a0<a href=\"https:\/\/www.linkedin.com\/company\/ncp-wallonie\/\">NCP Wallonie<\/a>,\u00a0<a href=\"https:\/\/www.linkedin.com\/company\/greenwin\/\">GreenWin<\/a>,\u00a0<a href=\"https:\/\/www.linkedin.com\/company\/valbiom\/\">Valbiom<\/a>\u00a0et\u00a0<a href=\"https:\/\/www.linkedin.com\/company\/wagralim\/\">Wagralim<\/a> organisent une demi-journ\u00e9e d\u2019information pour les entreprises actives dans le secteur de (ou en transition vers) la\u00a0bio\u00e9conomie et l&rsquo;\u00e9conomie circulaire. La premi\u00e8re partie vous pr\u00e9sentera les opportunit\u00e9s qui s&rsquo;offrent \u00e0 vous en 2026, la deuxi\u00e8me vous permettra de rencontrer, sur rendez-vous pr\u00e9fix\u00e9 uniquement, nos experts !<\/p>\n\n\n\n<h4>Programme :<\/h4>\n\n\n\n<p><br>10.00 \u2013 10.15 : Accueil caf\u00e9<br>10.15 &#8211; 10.30 : Introduction par les partenaires de l&rsquo;\u00e9v\u00e9nement: Wagralim, GreenWin, Valbiom <br>10.30 &#8211; 11.30 : Pr\u00e9sentation des appels \u00e0 projets CBE-JU et Horizon Europe Cluster 6 Bio\u00e9conomie et \u00e9conomie circulaire par le NCP Wallonie (Carine Petit)<\/p>\n\n\n\n<p>11.30 &#8211; 11.45 : T\u00e9moignage d&rsquo;une entreprise impliqu\u00e9e dans des projets europ\u00e9ens <\/p>\n\n\n\n<p><br>11.45 &#8211; 11.55 : Q&amp;A <br>11.55 &#8211; 12.00 : Cl\u00f4ture et organisation des rendez-vous individuels <br>12.00 \u2013 13.30 : Networking lunch et rendez-vous individuels<\/p>\n\n\n\n<p>14.00 : Fin de l&rsquo;\u00e9v\u00e9nement<\/p>\n\n\n\n<h4>Informations pratiques :<\/h4>\n\n\n\n<p>&gt; Pour qui ? Priorit\u00e9 aux entreprises, les autres structures (Universit\u00e9s, CRA, etc.) seront mises sur liste d&rsquo;attente jusqu&rsquo;\u00e0 5 jours avant l&rsquo;\u00e9v\u00e8nement <\/p>\n\n\n\n<p>&gt; Quand ? Le 5 MARS 2026 <\/p>\n\n\n\n<p>&gt; O\u00f9 ? Maison de l&rsquo;Agriculture et de la Ruralit\u00e9 : Chauss\u00e9e de Namur 47, 5030 Gembloux<\/p>\n\n\n<div class=\"everest-forms\"><script type='text\/javascript'>\n\/* <![CDATA[ *\/\nvar evf_settings = {\"currency_code\":\"EUR\",\"currency_thousands\":\".\",\"currency_decimal\":\",\",\"currency_symbol\":\"\\u20ac\",\"currency_symbol_pos\":\"right\"}\n\/* ]]> *\/\n<\/script>\n<p class=\"everst-forms-form-disable-notice everest-forms-notice everest-forms-notice--info\">This form is disabled.<\/p><\/div>","protected":false},"excerpt":{"rendered":"<p>EU Circular &amp; Biobased Funding Opportunities 2026 INFO DAY &amp; MEET THE EXPERTS 05.03.2026 &#8211; Maison de l&rsquo;Agriculture et de la Ruralit\u00e9 : Chauss\u00e9e de Namur 47 , 5030 Gembloux Le\u00a0NCP Wallonie,\u00a0GreenWin,\u00a0Valbiom\u00a0et\u00a0Wagralim organisent une demi-journ\u00e9e d\u2019information pour les entreprises actives dans le secteur de (ou en transition vers) la\u00a0bio\u00e9conomie et l&rsquo;\u00e9conomie circulaire. La premi\u00e8re partie &hellip; <a href=\"https:\/\/www.greenwin.tech\/forms\/?page_id=253\" class=\"more-link\">Continuer la lecture<span class=\"screen-reader-text\"> de &laquo;&nbsp;Info Day &#038; Meet the Experts 2026&nbsp;&raquo;<\/span><\/a><\/p>\n","protected":false},"author":1,"featured_media":0,"parent":0,"menu_order":0,"comment_status":"closed","ping_status":"closed","template":"","meta":[],"_links":{"self":[{"href":"https:\/\/www.greenwin.tech\/forms\/index.php?rest_route=\/wp\/v2\/pages\/253"}],"collection":[{"href":"https:\/\/www.greenwin.tech\/forms\/index.php?rest_route=\/wp\/v2\/pages"}],"about":[{"href":"https:\/\/www.greenwin.tech\/forms\/index.php?rest_route=\/wp\/v2\/types\/page"}],"author":[{"embeddable":true,"href":"https:\/\/www.greenwin.tech\/forms\/index.php?rest_route=\/wp\/v2\/users\/1"}],"replies":[{"embeddable":true,"href":"https:\/\/www.greenwin.tech\/forms\/index.php?rest_route=%2Fwp%2Fv2%2Fcomments&post=253"}],"version-history":[{"count":39,"href":"https:\/\/www.greenwin.tech\/forms\/index.php?rest_route=\/wp\/v2\/pages\/253\/revisions"}],"predecessor-version":[{"id":609,"href":"https:\/\/www.greenwin.tech\/forms\/index.php?rest_route=\/wp\/v2\/pages\/253\/revisions\/609"}],"wp:attachment":[{"href":"https:\/\/www.greenwin.tech\/forms\/index.php?rest_route=%2Fwp%2Fv2%2Fmedia&parent=253"}],"curies":[{"name":"wp","href":"https:\/\/api.w.org\/{rel}","templated":true}]}}