{"id":293,"date":"2023-11-24T14:26:50","date_gmt":"2023-11-24T13:26:50","guid":{"rendered":"https:\/\/www.greenwin.tech\/forms\/?page_id=293"},"modified":"2023-11-24T14:32:54","modified_gmt":"2023-11-24T13:32:54","slug":"idee-projet","status":"publish","type":"page","link":"https:\/\/www.greenwin.tech\/forms\/","title":{"rendered":"JE CHERCHE&#8230;"},"content":{"rendered":"\n<h1>JE CHERCHE&#8230;<\/h1>\n\n\n\n<p>Vous avez une id\u00e9e de projet \u00e0 d\u00e9velopper dans votre entreprise? une technologie qui vous manque et que vous souhaitez impl\u00e9menter? une th\u00e9matique tr\u00e8s large que vous voulez pousser pour votre entreprise et\/ou pour la Wallonie ? Un partenariat en place pour lequel vous recherchez des partenaires suppl\u00e9mentaires ou un financement?<\/p>\n\n\n\n<p><strong>D\u00e9crivez au maximum votre besoin dans cette fiche et GreenWin vous recontactera pour vous aider dans vos d\u00e9marches!<\/strong><\/p>\n\n\n\n<p><\/p>\n\n\n<div class=\"everest-forms\"><script type='text\/javascript'>\n\/* <![CDATA[ *\/\nvar evf_settings = {\"currency_code\":\"EUR\",\"currency_thousands\":\".\",\"currency_decimal\":\",\",\"currency_symbol\":\"\\u20ac\",\"currency_symbol_pos\":\"right\"}\n\/* ]]> *\/\n<\/script>\n<div class=\"evf-container default\" id=\"evf-291\"><form id=\"evf-form-291\" class=\"everest-form\" data-formid=\"291\" data-ajax_submission=\"0\" data-keyboard_friendly_form=\"0\" method=\"post\" enctype=\"multipart\/form-data\" action=\"\/forms\/index.php?rest_route=%2Fwp%2Fv2%2Fpages%2F293\"><div class=\"evf-field-container\"><input type=\"hidden\" id=\"_wpnonce291\" name=\"_wpnonce291\" value=\"5c22f45b2c\" \/><input type=\"hidden\" name=\"_wp_http_referer\" value=\"\/forms\/index.php?rest_route=%2Fwp%2Fv2%2Fpages%2F293\" \/><div class=\"evf-frontend-row\" data-row=\"row_1\" conditional_rules=\"[]\"><div class=\"evf-frontend-grid evf-grid-1\" data-grid=\"grid_1\"><div id=\"evf-291-field_7GLMZpQQHp-1-container\" class=\"evf-field evf-field-text form-row validate-required\" data-required-field-message=\"Ce champs est obligatoire.\" data-field-id=\"7GLMZpQQHp-1\"><label class=\"evf-field-label\" for=\"evf-291-field_7GLMZpQQHp-1\"><span class=\"evf-label\">Nom de la personne de contact:<\/span> <abbr class=\"required\" title=\"Required\">*<\/abbr><\/label><input type=\"text\" id=\"evf-291-field_7GLMZpQQHp-1\" class=\"input-text\" name=\"everest_forms[form_fields][7GLMZpQQHp-1]\" conditional_id=\"7GLMZpQQHp-1\" required><\/div><\/div><\/div><div class=\"evf-frontend-row\" data-row=\"row_2\" conditional_rules=\"[]\"><div class=\"evf-frontend-grid evf-grid-2\" data-grid=\"grid_1\"><div id=\"evf-291-field_btptB04o5B-2-container\" class=\"evf-field evf-field-email form-row validate-required validate-email\" data-required-field-message=\"Merci d&#039;encoder une adresse mail valide\" data-field-id=\"btptB04o5B-2\"><label class=\"evf-field-label\" for=\"evf-291-field_btptB04o5B-2\"><span class=\"evf-label\">Adresse mail:<\/span> <abbr class=\"required\" title=\"Required\">*<\/abbr><\/label><input type=\"email\" id=\"evf-291-field_btptB04o5B-2\" class=\"input-text\" name=\"everest_forms[form_fields][btptB04o5B-2]\" conditional_id=\"btptB04o5B-2\" required ><\/div><div id=\"evf-291-field_bxNNIDBI6S-4-container\" class=\"evf-field evf-field-text form-row\" data-field-id=\"bxNNIDBI6S-4\"><label class=\"evf-field-label\" for=\"evf-291-field_bxNNIDBI6S-4\"><span class=\"evf-label\">Nom de l\u2019organisation:<\/span> <\/label><input type=\"text\" id=\"evf-291-field_bxNNIDBI6S-4\" class=\"input-text\" name=\"everest_forms[form_fields][bxNNIDBI6S-4]\" conditional_id=\"bxNNIDBI6S-4\" ><\/div><\/div><div class=\"evf-frontend-grid evf-grid-2\" data-grid=\"grid_2\"><div id=\"evf-291-field_Ggsr9SeVPn-3-container\" class=\"evf-field evf-field-text form-row\" data-field-id=\"Ggsr9SeVPn-3\"><label class=\"evf-field-label\" for=\"evf-291-field_Ggsr9SeVPn-3\"><span class=\"evf-label\">N\u00b0 t\u00e9l\u00e9phone:<\/span> <\/label><input type=\"text\" id=\"evf-291-field_Ggsr9SeVPn-3\" class=\"input-text\" name=\"everest_forms[form_fields][Ggsr9SeVPn-3]\" conditional_id=\"Ggsr9SeVPn-3\" ><\/div><div id=\"evf-291-field_jXKSVZRu4I-5-container\" class=\"evf-field evf-field-text form-row\" data-field-id=\"jXKSVZRu4I-5\"><label class=\"evf-field-label\" for=\"evf-291-field_jXKSVZRu4I-5\"><span class=\"evf-label\">Type d\u2019organisation:<\/span> <\/label><input type=\"text\" id=\"evf-291-field_jXKSVZRu4I-5\" class=\"input-text\" name=\"everest_forms[form_fields][jXKSVZRu4I-5]\" conditional_id=\"jXKSVZRu4I-5\" ><\/div><\/div><\/div><div class=\"evf-frontend-row\" data-row=\"row_3\" conditional_rules=\"[]\"><div class=\"evf-frontend-grid evf-grid-1\" data-grid=\"grid_1\"><div id=\"evf-291-field_qCSxfDFh60-26-container\" class=\"evf-field evf-field-title form-row\" data-field-id=\"qCSxfDFh60-26\"><h3 id=\"evf-291-field_qCSxfDFh60-26\" class=\"input-text\" name=\"everest_forms[form_fields][qCSxfDFh60-26]\" conditional_id=\"qCSxfDFh60-26\">MON ID\u00c9E DE PROJET<\/h3><\/div><div id=\"evf-291-field_tDPBuFp2p5-6-container\" class=\"evf-field evf-field-textarea form-row\" data-field-id=\"tDPBuFp2p5-6\"><label class=\"evf-field-label\" for=\"evf-291-field_tDPBuFp2p5-6\"><span class=\"evf-label\">D\u00e9crivez votre projet en quelques lignes, en d\u00e9crivant un objectif unique, le r\u00e9sultat final ( livrable ) auquel vous souhaitez parvenir en fin de projet, ainsi que les d\u00e9veloppements ou \u00e9tapes \u00e0 mettre en oeuvre pour y parvenir<\/span> <\/label><textarea id=\"evf-291-field_tDPBuFp2p5-6\" class=\"input-text\" name=\"everest_forms[form_fields][tDPBuFp2p5-6]\" conditional_id=\"tDPBuFp2p5-6\"  ><\/textarea><\/div><div id=\"evf-291-field_Fah6Z4xyRM-15-container\" class=\"evf-field evf-field-checkbox form-row everest-forms-list-3-columns\" data-field-id=\"Fah6Z4xyRM-15\"><label class=\"evf-field-label\" for=\"evf-291-field_Fah6Z4xyRM-15\"><span class=\"evf-label\">Secteur(s), th\u00e9matique (s) associ\u00e9(e)(s):<\/span> <\/label><ul id=\"evf-291-field_Fah6Z4xyRM-15\"><li class=\"choice-1 depth-1\"><input type=\"checkbox\" id=\"evf-291-field_Fah6Z4xyRM-15_1\" class=\"input-text\" name=\"everest_forms[form_fields][Fah6Z4xyRM-15][]\" value=\"Chimie verte\" conditional_id=\"Fah6Z4xyRM-15\"  ><label class=\"everest-forms-field-label-inline\" for=\"evf-291-field_Fah6Z4xyRM-15_1\">Chimie verte<\/label><\/li><li class=\"choice-2 depth-1\"><input type=\"checkbox\" id=\"evf-291-field_Fah6Z4xyRM-15_2\" class=\"input-text\" name=\"everest_forms[form_fields][Fah6Z4xyRM-15][]\" value=\"Capture &amp; valorisation du CO2\" conditional_id=\"Fah6Z4xyRM-15\"  ><label class=\"everest-forms-field-label-inline\" for=\"evf-291-field_Fah6Z4xyRM-15_2\">Capture &amp; valorisation du CO2<\/label><\/li><li class=\"choice-3 depth-1\"><input type=\"checkbox\" id=\"evf-291-field_Fah6Z4xyRM-15_3\" class=\"input-text\" name=\"everest_forms[form_fields][Fah6Z4xyRM-15][]\" value=\"Biotechnologie\" conditional_id=\"Fah6Z4xyRM-15\"  ><label class=\"everest-forms-field-label-inline\" for=\"evf-291-field_Fah6Z4xyRM-15_3\">Biotechnologie<\/label><\/li><li class=\"choice-4 depth-1\"><input type=\"checkbox\" id=\"evf-291-field_Fah6Z4xyRM-15_4\" class=\"input-text\" name=\"everest_forms[form_fields][Fah6Z4xyRM-15][]\" value=\"Num\u00e9rique\" conditional_id=\"Fah6Z4xyRM-15\"  ><label class=\"everest-forms-field-label-inline\" for=\"evf-291-field_Fah6Z4xyRM-15_4\">Num\u00e9rique<\/label><\/li><li class=\"choice-6 depth-1\"><input type=\"checkbox\" id=\"evf-291-field_Fah6Z4xyRM-15_6\" class=\"input-text\" name=\"everest_forms[form_fields][Fah6Z4xyRM-15][]\" value=\"Mat\u00e9riaux durables\" conditional_id=\"Fah6Z4xyRM-15\"  ><label class=\"everest-forms-field-label-inline\" for=\"evf-291-field_Fah6Z4xyRM-15_6\">Mat\u00e9riaux durables<\/label><\/li><li class=\"choice-5 depth-1\"><input type=\"checkbox\" id=\"evf-291-field_Fah6Z4xyRM-15_5\" class=\"input-text\" name=\"everest_forms[form_fields][Fah6Z4xyRM-15][]\" value=\"Stock &amp; efficience \u00e9nergie\" conditional_id=\"Fah6Z4xyRM-15\"  ><label class=\"everest-forms-field-label-inline\" for=\"evf-291-field_Fah6Z4xyRM-15_5\">Stock &amp; efficience \u00e9nergie<\/label><\/li><li class=\"choice-7 depth-1\"><input type=\"checkbox\" id=\"evf-291-field_Fah6Z4xyRM-15_7\" class=\"input-text\" name=\"everest_forms[form_fields][Fah6Z4xyRM-15][]\" value=\"Syst\u00e8mes constructifs\" conditional_id=\"Fah6Z4xyRM-15\"  ><label class=\"everest-forms-field-label-inline\" for=\"evf-291-field_Fah6Z4xyRM-15_7\">Syst\u00e8mes constructifs<\/label><\/li><li class=\"choice-8 depth-1\"><input type=\"checkbox\" id=\"evf-291-field_Fah6Z4xyRM-15_8\" class=\"input-text\" name=\"everest_forms[form_fields][Fah6Z4xyRM-15][]\" value=\"Economie circulaire\" conditional_id=\"Fah6Z4xyRM-15\"  ><label class=\"everest-forms-field-label-inline\" for=\"evf-291-field_Fah6Z4xyRM-15_8\">Economie circulaire<\/label><\/li><li class=\"choice-9 depth-1\"><input type=\"checkbox\" id=\"evf-291-field_Fah6Z4xyRM-15_9\" class=\"input-text\" name=\"everest_forms[form_fields][Fah6Z4xyRM-15][]\" value=\"Recyclage\" conditional_id=\"Fah6Z4xyRM-15\"  ><label class=\"everest-forms-field-label-inline\" for=\"evf-291-field_Fah6Z4xyRM-15_9\">Recyclage<\/label><\/li><li class=\"choice-10 depth-1\"><input type=\"checkbox\" id=\"evf-291-field_Fah6Z4xyRM-15_10\" class=\"input-text\" name=\"everest_forms[form_fields][Fah6Z4xyRM-15][]\" value=\"Sols &amp; S\u00e9diments\" conditional_id=\"Fah6Z4xyRM-15\"  ><label class=\"everest-forms-field-label-inline\" for=\"evf-291-field_Fah6Z4xyRM-15_10\">Sols &amp; S\u00e9diments<\/label><\/li><li class=\"choice-11 depth-1\"><input type=\"checkbox\" id=\"evf-291-field_Fah6Z4xyRM-15_11\" class=\"input-text\" name=\"everest_forms[form_fields][Fah6Z4xyRM-15][]\" value=\"Eaux, boues, air, \u00e9missions\" conditional_id=\"Fah6Z4xyRM-15\"  ><label class=\"everest-forms-field-label-inline\" for=\"evf-291-field_Fah6Z4xyRM-15_11\">Eaux, boues, air, \u00e9missions<\/label><\/li><\/ul><\/div><div id=\"evf-291-field_LCFwag9uOO-8-container\" class=\"evf-field evf-field-radio form-row\" data-field-id=\"LCFwag9uOO-8\"><label class=\"evf-field-label\" for=\"evf-291-field_LCFwag9uOO-8\"><span class=\"evf-label\">Niveau de maturit\u00e9 de votre id\u00e9e:<\/span> <\/label><ul id=\"evf-291-field_LCFwag9uOO-8\"><li class=\"choice-1 depth-1\"><input type=\"radio\" id=\"evf-291-field_LCFwag9uOO-8_1\" class=\"input-text\" name=\"everest_forms[form_fields][LCFwag9uOO-8]\" value=\"1. Preuve de concept\" conditional_id=\"LCFwag9uOO-8\"  ><label class=\"everest-forms-field-label-inline\" for=\"evf-291-field_LCFwag9uOO-8_1\">1. Preuve de concept<\/label><\/li><li class=\"choice-2 depth-1\"><input type=\"radio\" id=\"evf-291-field_LCFwag9uOO-8_2\" class=\"input-text\" name=\"everest_forms[form_fields][LCFwag9uOO-8]\" value=\"2. Recherche en labohoice\" conditional_id=\"LCFwag9uOO-8\"  ><label class=\"everest-forms-field-label-inline\" for=\"evf-291-field_LCFwag9uOO-8_2\">2. Recherche en labohoice<\/label><\/li><li class=\"choice-3 depth-1\"><input type=\"radio\" id=\"evf-291-field_LCFwag9uOO-8_3\" class=\"input-text\" name=\"everest_forms[form_fields][LCFwag9uOO-8]\" value=\"3. Application en conditions r\u00e9elles\" conditional_id=\"LCFwag9uOO-8\"  ><label class=\"everest-forms-field-label-inline\" for=\"evf-291-field_LCFwag9uOO-8_3\">3. Application en conditions r\u00e9elles<\/label><\/li><li class=\"choice-4 depth-1\"><input type=\"radio\" id=\"evf-291-field_LCFwag9uOO-8_4\" class=\"input-text\" name=\"everest_forms[form_fields][LCFwag9uOO-8]\" value=\"4. Industrialisation\" conditional_id=\"LCFwag9uOO-8\"  ><label class=\"everest-forms-field-label-inline\" for=\"evf-291-field_LCFwag9uOO-8_4\">4. Industrialisation<\/label><\/li><\/ul><\/div><div id=\"evf-291-field_YrsLjTn0TB-9-container\" class=\"evf-field evf-field-number form-row\" data-field-id=\"YrsLjTn0TB-9\"><label class=\"evf-field-label\" for=\"evf-291-field_YrsLjTn0TB-9\"><span class=\"evf-label\">Dur\u00e9e envisag\u00e9e pour la r\u00e9alisation du projet: (en ann\u00e9e)<\/span> <\/label><input type=\"number\" id=\"evf-291-field_YrsLjTn0TB-9\" class=\"input-text\" name=\"everest_forms[form_fields][YrsLjTn0TB-9]\" conditional_id=\"YrsLjTn0TB-9\" \/><\/div><div id=\"evf-291-field_1NH0F9QCmM-10-container\" class=\"evf-field evf-field-checkbox form-row everest-forms-trigger-conditional\" data-field-id=\"1NH0F9QCmM-10\"><label class=\"evf-field-label\" for=\"evf-291-field_1NH0F9QCmM-10\"><span class=\"evf-label\">Pour mener votre projet, envisagez-vous une collaboration via :<\/span> <\/label><ul id=\"evf-291-field_1NH0F9QCmM-10\"><li class=\"choice-1 depth-1\"><input type=\"checkbox\" id=\"evf-291-field_1NH0F9QCmM-10_1\" class=\"input-text\" name=\"everest_forms[form_fields][1NH0F9QCmM-10][]\" value=\"le montage d\u2019un consortium\" conditional_id=\"1NH0F9QCmM-10\"  ><label class=\"everest-forms-field-label-inline\" for=\"evf-291-field_1NH0F9QCmM-10_1\">le montage d\u2019un consortium<\/label><\/li><li class=\"choice-2 depth-1\"><input type=\"checkbox\" id=\"evf-291-field_1NH0F9QCmM-10_2\" class=\"input-text\" name=\"everest_forms[form_fields][1NH0F9QCmM-10][]\" value=\"un support B2B\" conditional_id=\"1NH0F9QCmM-10\"  ><label class=\"everest-forms-field-label-inline\" for=\"evf-291-field_1NH0F9QCmM-10_2\">un support B2B<\/label><\/li><li class=\"choice-3 depth-1\"><input type=\"checkbox\" id=\"evf-291-field_1NH0F9QCmM-10_3\" class=\"input-text\" name=\"everest_forms[form_fields][1NH0F9QCmM-10][]\" value=\"Autre:\" conditional_id=\"1NH0F9QCmM-10\"  ><label class=\"everest-forms-field-label-inline\" for=\"evf-291-field_1NH0F9QCmM-10_3\">Autre:<\/label><\/li><\/ul><\/div><div id=\"evf-291-field_HQjDa5Bwp4-11-container\" class=\"evf-field evf-field-text form-row everest-forms-conditional-field\" data-field-id=\"HQjDa5Bwp4-11\" style=\"display:none\"><label class=\"evf-field-label\" for=\"evf-291-field_HQjDa5Bwp4-11\"><span class=\"evf-label\">Si autre<\/span> <\/label><input type=\"text\" id=\"evf-291-field_HQjDa5Bwp4-11\" class=\"input-text\" name=\"everest_forms[form_fields][HQjDa5Bwp4-11]\" conditional_id=\"HQjDa5Bwp4-11\" conditional_rules=\"{&quot;conditional_option&quot;:&quot;show&quot;,&quot;conditionals&quot;:{&quot;1&quot;:{&quot;1&quot;:{&quot;field&quot;:&quot;1NH0F9QCmM-10&quot;,&quot;operator&quot;:&quot;is&quot;,&quot;value&quot;:&quot;Autre:&quot;}}},&quot;required&quot;:0}\" ><\/div><\/div><\/div><div class=\"evf-frontend-row\" data-row=\"row_5\" conditional_rules=\"[]\"><div class=\"evf-frontend-grid evf-grid-1\" data-grid=\"grid_1\"><div id=\"evf-291-field_H8p7M0IDzG-25-container\" class=\"evf-field evf-field-title form-row\" data-field-id=\"H8p7M0IDzG-25\"><h3 id=\"evf-291-field_H8p7M0IDzG-25\" class=\"input-text\" name=\"everest_forms[form_fields][H8p7M0IDzG-25]\" conditional_id=\"H8p7M0IDzG-25\">MES BESOINS<\/h3><\/div><div id=\"evf-291-field_a9aN8mB4U9-17-container\" class=\"evf-field evf-field-checkbox form-row everest-forms-trigger-conditional\" data-field-id=\"a9aN8mB4U9-17\"><label class=\"evf-field-label\" for=\"evf-291-field_a9aN8mB4U9-17\"><span class=\"evf-label\">Que recherchez-vous pour faire avancer votre id\u00e9e de projet?<\/span> <\/label><ul id=\"evf-291-field_a9aN8mB4U9-17\"><li class=\"choice-1 depth-1\"><input type=\"checkbox\" id=\"evf-291-field_a9aN8mB4U9-17_1\" class=\"input-text\" name=\"everest_forms[form_fields][a9aN8mB4U9-17][]\" value=\"Un financement\" conditional_id=\"a9aN8mB4U9-17\"  ><label class=\"everest-forms-field-label-inline\" for=\"evf-291-field_a9aN8mB4U9-17_1\">Un financement<\/label><\/li><li class=\"choice-2 depth-1\"><input type=\"checkbox\" id=\"evf-291-field_a9aN8mB4U9-17_2\" class=\"input-text\" name=\"everest_forms[form_fields][a9aN8mB4U9-17][]\" value=\"Des partenaires\" conditional_id=\"a9aN8mB4U9-17\"  ><label class=\"everest-forms-field-label-inline\" for=\"evf-291-field_a9aN8mB4U9-17_2\">Des partenaires<\/label><\/li><li class=\"choice-3 depth-1\"><input type=\"checkbox\" id=\"evf-291-field_a9aN8mB4U9-17_3\" class=\"input-text\" name=\"everest_forms[form_fields][a9aN8mB4U9-17][]\" value=\"Autre\" conditional_id=\"a9aN8mB4U9-17\"  ><label class=\"everest-forms-field-label-inline\" for=\"evf-291-field_a9aN8mB4U9-17_3\">Autre<\/label><\/li><\/ul><\/div><div id=\"evf-291-field_jeKbF3kINS-18-container\" class=\"evf-field evf-field-radio form-row everest-forms-list-inline everest-forms-conditional-field\" data-field-id=\"jeKbF3kINS-18\" style=\"display:none\"><label class=\"evf-field-label\" for=\"evf-291-field_jeKbF3kINS-18\"><span class=\"evf-label\">Cherchez-vous un financement au niveau&#8230;?<\/span> <\/label><ul id=\"evf-291-field_jeKbF3kINS-18\"><li class=\"choice-1 depth-1\"><input type=\"radio\" id=\"evf-291-field_jeKbF3kINS-18_1\" class=\"input-text\" name=\"everest_forms[form_fields][jeKbF3kINS-18]\" value=\"Wallonie\" conditional_id=\"jeKbF3kINS-18\" conditional_rules=\"{&quot;conditional_option&quot;:&quot;show&quot;,&quot;conditionals&quot;:{&quot;1&quot;:{&quot;1&quot;:{&quot;field&quot;:&quot;a9aN8mB4U9-17&quot;,&quot;operator&quot;:&quot;is&quot;,&quot;value&quot;:&quot;Un financement&quot;}}},&quot;required&quot;:0}\"  ><label class=\"everest-forms-field-label-inline\" for=\"evf-291-field_jeKbF3kINS-18_1\">Wallonie<\/label><\/li><li class=\"choice-2 depth-1\"><input type=\"radio\" id=\"evf-291-field_jeKbF3kINS-18_2\" class=\"input-text\" name=\"everest_forms[form_fields][jeKbF3kINS-18]\" value=\"Europe\" conditional_id=\"jeKbF3kINS-18\" conditional_rules=\"{&quot;conditional_option&quot;:&quot;show&quot;,&quot;conditionals&quot;:{&quot;1&quot;:{&quot;1&quot;:{&quot;field&quot;:&quot;a9aN8mB4U9-17&quot;,&quot;operator&quot;:&quot;is&quot;,&quot;value&quot;:&quot;Un financement&quot;}}},&quot;required&quot;:0}\"  ><label class=\"everest-forms-field-label-inline\" for=\"evf-291-field_jeKbF3kINS-18_2\">Europe<\/label><\/li><\/ul><\/div><div id=\"evf-291-field_gTmcaDE9Hb-19-container\" class=\"evf-field evf-field-textarea form-row everest-forms-conditional-field\" data-field-id=\"gTmcaDE9Hb-19\" style=\"display:none\"><label class=\"evf-field-label\" for=\"evf-291-field_gTmcaDE9Hb-19\"><span class=\"evf-label\">D\u00e9crivez au maximum les crit\u00e8res que vous recherchez (nombre de partenaires, type d\u2019institution pour la coordination, budget envisag\u00e9,&#8230;):<\/span> <\/label><textarea id=\"evf-291-field_gTmcaDE9Hb-19\" class=\"input-text\" name=\"everest_forms[form_fields][gTmcaDE9Hb-19]\" conditional_id=\"gTmcaDE9Hb-19\" conditional_rules=\"{&quot;conditional_option&quot;:&quot;show&quot;,&quot;conditionals&quot;:{&quot;1&quot;:{&quot;1&quot;:{&quot;field&quot;:&quot;a9aN8mB4U9-17&quot;,&quot;operator&quot;:&quot;is&quot;,&quot;value&quot;:&quot;Un financement&quot;}}},&quot;required&quot;:0}\"  ><\/textarea><\/div><div id=\"evf-291-field_5poowavFEL-20-container\" class=\"evf-field evf-field-radio form-row everest-forms-list-inline everest-forms-conditional-field\" data-field-id=\"5poowavFEL-20\" style=\"display:none\"><label class=\"evf-field-label\" for=\"evf-291-field_5poowavFEL-20\"><span class=\"evf-label\">Avez-vous identifi\u00e9 ou d\u00e9j\u00e0 impliqu\u00e9 des partenaires?<\/span> <\/label><ul id=\"evf-291-field_5poowavFEL-20\"><li class=\"choice-1 depth-1\"><input type=\"radio\" id=\"evf-291-field_5poowavFEL-20_1\" class=\"input-text\" name=\"everest_forms[form_fields][5poowavFEL-20]\" value=\"Oui\" conditional_id=\"5poowavFEL-20\" conditional_rules=\"{&quot;conditional_option&quot;:&quot;show&quot;,&quot;conditionals&quot;:{&quot;1&quot;:{&quot;1&quot;:{&quot;field&quot;:&quot;a9aN8mB4U9-17&quot;,&quot;operator&quot;:&quot;is&quot;,&quot;value&quot;:&quot;Des partenaires&quot;}}},&quot;required&quot;:0}\"  ><label class=\"everest-forms-field-label-inline\" for=\"evf-291-field_5poowavFEL-20_1\">Oui<\/label><\/li><li class=\"choice-2 depth-1\"><input type=\"radio\" id=\"evf-291-field_5poowavFEL-20_2\" class=\"input-text\" name=\"everest_forms[form_fields][5poowavFEL-20]\" value=\"Non\" conditional_id=\"5poowavFEL-20\" conditional_rules=\"{&quot;conditional_option&quot;:&quot;show&quot;,&quot;conditionals&quot;:{&quot;1&quot;:{&quot;1&quot;:{&quot;field&quot;:&quot;a9aN8mB4U9-17&quot;,&quot;operator&quot;:&quot;is&quot;,&quot;value&quot;:&quot;Des partenaires&quot;}}},&quot;required&quot;:0}\"  ><label class=\"everest-forms-field-label-inline\" for=\"evf-291-field_5poowavFEL-20_2\">Non<\/label><\/li><\/ul><\/div><div id=\"evf-291-field_YWZXKJGzYC-21-container\" class=\"evf-field evf-field-radio form-row everest-forms-list-inline everest-forms-trigger-conditional everest-forms-conditional-field\" data-field-id=\"YWZXKJGzYC-21\" style=\"display:none\"><label class=\"evf-field-label\" for=\"evf-291-field_YWZXKJGzYC-21\"><span class=\"evf-label\">Avez-vous besoin d\u2019expertise(s) suppl\u00e9mentaire(s)?<\/span> <\/label><ul id=\"evf-291-field_YWZXKJGzYC-21\"><li class=\"choice-1 depth-1\"><input type=\"radio\" id=\"evf-291-field_YWZXKJGzYC-21_1\" class=\"input-text\" name=\"everest_forms[form_fields][YWZXKJGzYC-21]\" value=\"Oui\" conditional_id=\"YWZXKJGzYC-21\" conditional_rules=\"{&quot;conditional_option&quot;:&quot;show&quot;,&quot;conditionals&quot;:{&quot;1&quot;:{&quot;1&quot;:{&quot;field&quot;:&quot;a9aN8mB4U9-17&quot;,&quot;operator&quot;:&quot;is&quot;,&quot;value&quot;:&quot;Des partenaires&quot;}},&quot;2&quot;:{&quot;1&quot;:{&quot;field&quot;:&quot;KI9aMwjMKC-24&quot;,&quot;operator&quot;:&quot;is&quot;,&quot;value&quot;:&quot;&quot;}}},&quot;required&quot;:0}\"  ><label class=\"everest-forms-field-label-inline\" for=\"evf-291-field_YWZXKJGzYC-21_1\">Oui<\/label><\/li><li class=\"choice-2 depth-1\"><input type=\"radio\" id=\"evf-291-field_YWZXKJGzYC-21_2\" class=\"input-text\" name=\"everest_forms[form_fields][YWZXKJGzYC-21]\" value=\"Non\" conditional_id=\"YWZXKJGzYC-21\" conditional_rules=\"{&quot;conditional_option&quot;:&quot;show&quot;,&quot;conditionals&quot;:{&quot;1&quot;:{&quot;1&quot;:{&quot;field&quot;:&quot;a9aN8mB4U9-17&quot;,&quot;operator&quot;:&quot;is&quot;,&quot;value&quot;:&quot;Des partenaires&quot;}},&quot;2&quot;:{&quot;1&quot;:{&quot;field&quot;:&quot;KI9aMwjMKC-24&quot;,&quot;operator&quot;:&quot;is&quot;,&quot;value&quot;:&quot;&quot;}}},&quot;required&quot;:0}\"  ><label class=\"everest-forms-field-label-inline\" for=\"evf-291-field_YWZXKJGzYC-21_2\">Non<\/label><\/li><\/ul><\/div><div id=\"evf-291-field_4ktqFGwgKM-22-container\" class=\"evf-field evf-field-textarea form-row everest-forms-conditional-field\" data-field-id=\"4ktqFGwgKM-22\" style=\"display:none\"><label class=\"evf-field-label\" for=\"evf-291-field_4ktqFGwgKM-22\"><span class=\"evf-label\">Si oui, merci de les d\u00e9crire:<\/span> <\/label><textarea id=\"evf-291-field_4ktqFGwgKM-22\" class=\"input-text\" name=\"everest_forms[form_fields][4ktqFGwgKM-22]\" conditional_id=\"4ktqFGwgKM-22\" conditional_rules=\"{&quot;conditional_option&quot;:&quot;show&quot;,&quot;conditionals&quot;:{&quot;1&quot;:{&quot;1&quot;:{&quot;field&quot;:&quot;YWZXKJGzYC-21&quot;,&quot;operator&quot;:&quot;is&quot;,&quot;value&quot;:&quot;Oui&quot;}}},&quot;required&quot;:0}\"  ><\/textarea><\/div><div id=\"evf-291-field_W71nBgZAB0-23-container\" class=\"evf-field evf-field-textarea form-row everest-forms-conditional-field\" data-field-id=\"W71nBgZAB0-23\" style=\"display:none\"><label class=\"evf-field-label\" for=\"evf-291-field_W71nBgZAB0-23\"><span class=\"evf-label\">Autre besoin<\/span> <\/label><textarea id=\"evf-291-field_W71nBgZAB0-23\" class=\"input-text\" name=\"everest_forms[form_fields][W71nBgZAB0-23]\" conditional_id=\"W71nBgZAB0-23\" conditional_rules=\"{&quot;conditional_option&quot;:&quot;show&quot;,&quot;conditionals&quot;:{&quot;1&quot;:{&quot;1&quot;:{&quot;field&quot;:&quot;a9aN8mB4U9-17&quot;,&quot;operator&quot;:&quot;is&quot;,&quot;value&quot;:&quot;Autre&quot;}}},&quot;required&quot;:0}\"  ><\/textarea><\/div><\/div><\/div><div class=\"evf-frontend-row\" data-row=\"row_6\" conditional_rules=\"[]\"><div class=\"evf-frontend-grid evf-grid-1\" data-grid=\"grid_1\"><div id=\"evf-291-field_KI9aMwjMKC-24-container\" class=\"evf-field evf-field-textarea form-row everest-forms-trigger-conditional\" data-field-id=\"KI9aMwjMKC-24\"><label class=\"evf-field-label\" for=\"evf-291-field_KI9aMwjMKC-24\"><span class=\"evf-label\">Commentaire<\/span> <\/label><textarea id=\"evf-291-field_KI9aMwjMKC-24\" class=\"input-text\" name=\"everest_forms[form_fields][KI9aMwjMKC-24]\" conditional_id=\"KI9aMwjMKC-24\"  ><\/textarea><\/div><\/div><\/div><\/div><div class=\"evf-submit-container \" ><input type=\"hidden\" name=\"everest_forms[id]\" value=\"291\"><input type=\"hidden\" name=\"everest_forms[author]\" value=\"1\"><button type='submit' name='everest_forms[submit]' class='everest-forms-submit-button button evf-submit ' id='evf-submit-291' value='evf-submit' data-process-text=\"Processing\u2026\" conditional_rules='&quot;&quot;' conditional_id='evf-submit-291'  id=\"evf-submit-291\" aria-live=\"assertive\">Envoyer<\/button>&nbsp;<button type='submit' name='everest_forms[save_and_continue]' class='everest-forms-save-and-continue-button button evf-save-and-continue ' id='evf-save-and-continue-291' value='evf-save-and-continue' data-process-text=&quot;Processing\u2026&quot; conditional_rules='&quot;&quot;' conditional_id='evf-submit-291' >Sauver et continuer plus tard<\/button><\/div><\/form><\/div><!-- .evf-container --><\/div>","protected":false},"excerpt":{"rendered":"<p>JE CHERCHE&#8230; Vous avez une id\u00e9e de projet \u00e0 d\u00e9velopper dans votre entreprise? une technologie qui vous manque et que vous souhaitez impl\u00e9menter? une th\u00e9matique tr\u00e8s large que vous voulez pousser pour votre entreprise et\/ou pour la Wallonie ? Un partenariat en place pour lequel vous recherchez des partenaires suppl\u00e9mentaires ou un financement? D\u00e9crivez au &hellip; <a href=\"https:\/\/www.greenwin.tech\/forms\/\" class=\"more-link\">Continuer la lecture<span class=\"screen-reader-text\"> de &laquo;&nbsp;JE CHERCHE&#8230;&nbsp;&raquo;<\/span><\/a><\/p>\n","protected":false},"author":1,"featured_media":0,"parent":0,"menu_order":0,"comment_status":"closed","ping_status":"closed","template":"","meta":[],"_links":{"self":[{"href":"https:\/\/www.greenwin.tech\/forms\/index.php?rest_route=\/wp\/v2\/pages\/293"}],"collection":[{"href":"https:\/\/www.greenwin.tech\/forms\/index.php?rest_route=\/wp\/v2\/pages"}],"about":[{"href":"https:\/\/www.greenwin.tech\/forms\/index.php?rest_route=\/wp\/v2\/types\/page"}],"author":[{"embeddable":true,"href":"https:\/\/www.greenwin.tech\/forms\/index.php?rest_route=\/wp\/v2\/users\/1"}],"replies":[{"embeddable":true,"href":"https:\/\/www.greenwin.tech\/forms\/index.php?rest_route=%2Fwp%2Fv2%2Fcomments&post=293"}],"version-history":[{"count":4,"href":"https:\/\/www.greenwin.tech\/forms\/index.php?rest_route=\/wp\/v2\/pages\/293\/revisions"}],"predecessor-version":[{"id":301,"href":"https:\/\/www.greenwin.tech\/forms\/index.php?rest_route=\/wp\/v2\/pages\/293\/revisions\/301"}],"wp:attachment":[{"href":"https:\/\/www.greenwin.tech\/forms\/index.php?rest_route=%2Fwp%2Fv2%2Fmedia&parent=293"}],"curies":[{"name":"wp","href":"https:\/\/api.w.org\/{rel}","templated":true}]}}