{"id":354,"date":"2024-08-06T12:15:52","date_gmt":"2024-08-06T10:15:52","guid":{"rendered":"https:\/\/www.greenwin.tech\/forms\/?page_id=354"},"modified":"2024-08-27T18:39:25","modified_gmt":"2024-08-27T16:39:25","slug":"greenwin-evenement-annuel-du-dis-1","status":"publish","type":"page","link":"https:\/\/www.greenwin.tech\/forms\/?page_id=354","title":{"rendered":"<strong>GreenWin \u2013 Ev\u00e9nement annuel du DIS 1<\/strong>"},"content":{"rendered":"\n<figure class=\"wp-block-image size-large\"><img decoding=\"async\" loading=\"lazy\" width=\"1024\" height=\"343\" src=\"https:\/\/www.greenwin.tech\/forms\/wp-content\/uploads\/2024\/08\/DIS1-EVENT-1024x343.png\" alt=\"\" class=\"wp-image-355\" srcset=\"https:\/\/www.greenwin.tech\/forms\/wp-content\/uploads\/2024\/08\/DIS1-EVENT-1024x343.png 1024w, https:\/\/www.greenwin.tech\/forms\/wp-content\/uploads\/2024\/08\/DIS1-EVENT-300x100.png 300w, https:\/\/www.greenwin.tech\/forms\/wp-content\/uploads\/2024\/08\/DIS1-EVENT-768x257.png 768w, https:\/\/www.greenwin.tech\/forms\/wp-content\/uploads\/2024\/08\/DIS1-EVENT-1200x401.png 1200w, https:\/\/www.greenwin.tech\/forms\/wp-content\/uploads\/2024\/08\/DIS1-EVENT.png 1393w\" sizes=\"(max-width: 709px) 85vw, (max-width: 909px) 67vw, (max-width: 1362px) 62vw, 840px\" \/><\/figure>\n\n\n\n<p><em>Les p\u00f4les de comp\u00e9titivit\u00e9 GreenWin, Mecatech, Logistics in Wallonia<\/em> <em>et Skywin vous invitent \u00e0 participer \u00e0 l\u2019\u00e9v\u00e8nement annuel du DIS1. Celui-ci sera articul\u00e9 autour de trois ateliers collaboratifs encadr\u00e9s par des experts dans les th\u00e9matiques suivantes\u00a0: Passeport digital, ACV et tra\u00e7abilit\u00e9\/logistique des mat\u00e9riaux circulaires.<\/em><\/p>\n\n\n<div class=\"everest-forms\"><script type='text\/javascript'>\n\/* <![CDATA[ *\/\nvar evf_settings = {\"currency_code\":\"EUR\",\"currency_thousands\":\".\",\"currency_decimal\":\",\",\"currency_symbol\":\"\\u20ac\",\"currency_symbol_pos\":\"right\"}\n\/* ]]> *\/\n<\/script>\n<p class=\"everst-forms-form-disable-notice everest-forms-notice everest-forms-notice--info\">This form is disabled.<\/p><\/div>","protected":false},"excerpt":{"rendered":"<p>Les p\u00f4les de comp\u00e9titivit\u00e9 GreenWin, Mecatech, Logistics in Wallonia et Skywin vous invitent \u00e0 participer \u00e0 l\u2019\u00e9v\u00e8nement annuel du DIS1. Celui-ci sera articul\u00e9 autour de trois ateliers collaboratifs encadr\u00e9s par des experts dans les th\u00e9matiques suivantes\u00a0: Passeport digital, ACV et tra\u00e7abilit\u00e9\/logistique des mat\u00e9riaux circulaires.<\/p>\n","protected":false},"author":1,"featured_media":0,"parent":0,"menu_order":0,"comment_status":"closed","ping_status":"closed","template":"","meta":[],"_links":{"self":[{"href":"https:\/\/www.greenwin.tech\/forms\/index.php?rest_route=\/wp\/v2\/pages\/354"}],"collection":[{"href":"https:\/\/www.greenwin.tech\/forms\/index.php?rest_route=\/wp\/v2\/pages"}],"about":[{"href":"https:\/\/www.greenwin.tech\/forms\/index.php?rest_route=\/wp\/v2\/types\/page"}],"author":[{"embeddable":true,"href":"https:\/\/www.greenwin.tech\/forms\/index.php?rest_route=\/wp\/v2\/users\/1"}],"replies":[{"embeddable":true,"href":"https:\/\/www.greenwin.tech\/forms\/index.php?rest_route=%2Fwp%2Fv2%2Fcomments&post=354"}],"version-history":[{"count":3,"href":"https:\/\/www.greenwin.tech\/forms\/index.php?rest_route=\/wp\/v2\/pages\/354\/revisions"}],"predecessor-version":[{"id":359,"href":"https:\/\/www.greenwin.tech\/forms\/index.php?rest_route=\/wp\/v2\/pages\/354\/revisions\/359"}],"wp:attachment":[{"href":"https:\/\/www.greenwin.tech\/forms\/index.php?rest_route=%2Fwp%2Fv2%2Fmedia&parent=354"}],"curies":[{"name":"wp","href":"https:\/\/api.w.org\/{rel}","templated":true}]}}