{"id":421,"date":"2024-12-17T15:06:15","date_gmt":"2024-12-17T14:06:15","guid":{"rendered":"https:\/\/www.greenwin.tech\/forms\/?page_id=421"},"modified":"2025-02-11T15:32:09","modified_gmt":"2025-02-11T14:32:09","slug":"gt-hub-02-2024","status":"publish","type":"page","link":"https:\/\/www.greenwin.tech\/forms\/?page_id=421","title":{"rendered":"GT HUB 02\/2024"},"content":{"rendered":"\n<figure class=\"wp-block-image size-large\"><img decoding=\"async\" loading=\"lazy\" width=\"1024\" height=\"576\" src=\"https:\/\/www.greenwin.tech\/forms\/wp-content\/uploads\/2025\/02\/1-1024x576.png\" alt=\"\" class=\"wp-image-430\" srcset=\"https:\/\/www.greenwin.tech\/forms\/wp-content\/uploads\/2025\/02\/1-1024x576.png 1024w, https:\/\/www.greenwin.tech\/forms\/wp-content\/uploads\/2025\/02\/1-300x169.png 300w, https:\/\/www.greenwin.tech\/forms\/wp-content\/uploads\/2025\/02\/1-768x432.png 768w, https:\/\/www.greenwin.tech\/forms\/wp-content\/uploads\/2025\/02\/1-1536x864.png 1536w, https:\/\/www.greenwin.tech\/forms\/wp-content\/uploads\/2025\/02\/1-1200x675.png 1200w, https:\/\/www.greenwin.tech\/forms\/wp-content\/uploads\/2025\/02\/1.png 1920w\" sizes=\"(max-width: 709px) 85vw, (max-width: 909px) 67vw, (max-width: 1362px) 62vw, 840px\" \/><\/figure>\n\n\n\n<p>Vous \u00eates une entreprise du secteur de la construction et vous souhaitez transformer vos processus administratifs gr\u00e2ce \u00e0 l\u2019intelligence artificielle ? Rejoignez-nous le 27 mars pour un atelier collaboratif qui r\u00e9unira professionnels et fournisseurs de solutions innovantes autour d\u2019une m\u00eame ambition : Identifier des probl\u00e9matiques, lever les freins et co-construire des solutions concr\u00e8tes pour moderniser la gestion administrative.<\/p>\n\n\n<div class=\"everest-forms\"><script type='text\/javascript'>\n\/* <![CDATA[ *\/\nvar evf_settings = {\"currency_code\":\"EUR\",\"currency_thousands\":\".\",\"currency_decimal\":\",\",\"currency_symbol\":\"\\u20ac\",\"currency_symbol_pos\":\"right\"}\n\/* ]]> *\/\n<\/script>\n<p class=\"everst-forms-form-disable-notice everest-forms-notice everest-forms-notice--info\">This form is disabled.<\/p><\/div>","protected":false},"excerpt":{"rendered":"<p>Vous \u00eates une entreprise du secteur de la construction et vous souhaitez transformer vos processus administratifs gr\u00e2ce \u00e0 l\u2019intelligence artificielle ? Rejoignez-nous le 27 mars pour un atelier collaboratif qui r\u00e9unira professionnels et fournisseurs de solutions innovantes autour d\u2019une m\u00eame ambition : Identifier des probl\u00e9matiques, lever les freins et co-construire des solutions concr\u00e8tes pour moderniser &hellip; <a href=\"https:\/\/www.greenwin.tech\/forms\/?page_id=421\" class=\"more-link\">Continuer la lecture<span class=\"screen-reader-text\"> de &laquo;&nbsp;GT HUB 02\/2024&nbsp;&raquo;<\/span><\/a><\/p>\n","protected":false},"author":1,"featured_media":0,"parent":0,"menu_order":0,"comment_status":"closed","ping_status":"closed","template":"","meta":[],"_links":{"self":[{"href":"https:\/\/www.greenwin.tech\/forms\/index.php?rest_route=\/wp\/v2\/pages\/421"}],"collection":[{"href":"https:\/\/www.greenwin.tech\/forms\/index.php?rest_route=\/wp\/v2\/pages"}],"about":[{"href":"https:\/\/www.greenwin.tech\/forms\/index.php?rest_route=\/wp\/v2\/types\/page"}],"author":[{"embeddable":true,"href":"https:\/\/www.greenwin.tech\/forms\/index.php?rest_route=\/wp\/v2\/users\/1"}],"replies":[{"embeddable":true,"href":"https:\/\/www.greenwin.tech\/forms\/index.php?rest_route=%2Fwp%2Fv2%2Fcomments&post=421"}],"version-history":[{"count":4,"href":"https:\/\/www.greenwin.tech\/forms\/index.php?rest_route=\/wp\/v2\/pages\/421\/revisions"}],"predecessor-version":[{"id":431,"href":"https:\/\/www.greenwin.tech\/forms\/index.php?rest_route=\/wp\/v2\/pages\/421\/revisions\/431"}],"wp:attachment":[{"href":"https:\/\/www.greenwin.tech\/forms\/index.php?rest_route=%2Fwp%2Fv2%2Fmedia&parent=421"}],"curies":[{"name":"wp","href":"https:\/\/api.w.org\/{rel}","templated":true}]}}