{"id":520,"date":"2025-08-27T13:57:57","date_gmt":"2025-08-27T11:57:57","guid":{"rendered":"https:\/\/www.greenwin.tech\/forms\/?page_id=520"},"modified":"2025-08-27T13:58:56","modified_gmt":"2025-08-27T11:58:56","slug":"atelier-sur-la-propriete-intellectuelle","status":"publish","type":"page","link":"https:\/\/www.greenwin.tech\/forms\/?page_id=520","title":{"rendered":"Atelier sur la Propri\u00e9t\u00e9 Intellectuelle"},"content":{"rendered":"\n<h2><strong>Atelier sur la Propri\u00e9t\u00e9 Intellectuelle<\/strong><\/h2>\n\n\n\n<p>Le 12 septembre 2025, \u00e0 partir de 9h30, GreenWin, Wagralim et Calysta animent un worshop sur la propri\u00e9t\u00e9 intellectuelle et vous invitent \u00e0 d\u00e9couvrir des conseils et outils d&rsquo;aide \u00e0 la construction d&rsquo;un accord de consortium.<\/p>\n\n\n\n<figure class=\"wp-block-image size-full\"><img decoding=\"async\" loading=\"lazy\" width=\"607\" height=\"202\" src=\"https:\/\/www.greenwin.tech\/forms\/wp-content\/uploads\/2025\/08\/Banniere-Atelier-Calysta.png\" alt=\"\" class=\"wp-image-521\" srcset=\"https:\/\/www.greenwin.tech\/forms\/wp-content\/uploads\/2025\/08\/Banniere-Atelier-Calysta.png 607w, https:\/\/www.greenwin.tech\/forms\/wp-content\/uploads\/2025\/08\/Banniere-Atelier-Calysta-300x100.png 300w\" sizes=\"(max-width: 607px) 85vw, 607px\" \/><\/figure>\n\n\n\n<p><strong>Tarifs : <\/strong><br>Membre de GreenWin : 65\u20ac HTVA<br>Non-membre : 130\u20ac HTVA<\/p>\n\n\n<div class=\"everest-forms\"><script type='text\/javascript'>\n\/* <![CDATA[ *\/\nvar evf_settings = {\"currency_code\":\"EUR\",\"currency_thousands\":\".\",\"currency_decimal\":\",\",\"currency_symbol\":\"\\u20ac\",\"currency_symbol_pos\":\"right\"}\n\/* ]]> *\/\n<\/script>\n<p class=\"everst-forms-form-disable-notice everest-forms-notice everest-forms-notice--info\">This form is disabled.<\/p><\/div>","protected":false},"excerpt":{"rendered":"<p>Atelier sur la Propri\u00e9t\u00e9 Intellectuelle Le 12 septembre 2025, \u00e0 partir de 9h30, GreenWin, Wagralim et Calysta animent un worshop sur la propri\u00e9t\u00e9 intellectuelle et vous invitent \u00e0 d\u00e9couvrir des conseils et outils d&rsquo;aide \u00e0 la construction d&rsquo;un accord de consortium. Tarifs : Membre de GreenWin : 65\u20ac HTVANon-membre : 130\u20ac HTVA<\/p>\n","protected":false},"author":2,"featured_media":0,"parent":0,"menu_order":0,"comment_status":"closed","ping_status":"closed","template":"","meta":[],"_links":{"self":[{"href":"https:\/\/www.greenwin.tech\/forms\/index.php?rest_route=\/wp\/v2\/pages\/520"}],"collection":[{"href":"https:\/\/www.greenwin.tech\/forms\/index.php?rest_route=\/wp\/v2\/pages"}],"about":[{"href":"https:\/\/www.greenwin.tech\/forms\/index.php?rest_route=\/wp\/v2\/types\/page"}],"author":[{"embeddable":true,"href":"https:\/\/www.greenwin.tech\/forms\/index.php?rest_route=\/wp\/v2\/users\/2"}],"replies":[{"embeddable":true,"href":"https:\/\/www.greenwin.tech\/forms\/index.php?rest_route=%2Fwp%2Fv2%2Fcomments&post=520"}],"version-history":[{"count":5,"href":"https:\/\/www.greenwin.tech\/forms\/index.php?rest_route=\/wp\/v2\/pages\/520\/revisions"}],"predecessor-version":[{"id":526,"href":"https:\/\/www.greenwin.tech\/forms\/index.php?rest_route=\/wp\/v2\/pages\/520\/revisions\/526"}],"wp:attachment":[{"href":"https:\/\/www.greenwin.tech\/forms\/index.php?rest_route=%2Fwp%2Fv2%2Fmedia&parent=520"}],"curies":[{"name":"wp","href":"https:\/\/api.w.org\/{rel}","templated":true}]}}