{"id":569,"date":"2026-01-20T15:06:24","date_gmt":"2026-01-20T14:06:24","guid":{"rendered":"https:\/\/www.greenwin.tech\/forms\/?page_id=569"},"modified":"2026-01-20T15:16:08","modified_gmt":"2026-01-20T14:16:08","slug":"atelier-sur-la-propriete-intellectuelle-2026","status":"publish","type":"page","link":"https:\/\/www.greenwin.tech\/forms\/?page_id=569","title":{"rendered":"Atelier sur la Propri\u00e9t\u00e9 Intellectuelle 2026"},"content":{"rendered":"\n<h2><strong>Atelier sur la Propri\u00e9t\u00e9 Intellectuelle<\/strong><\/h2>\n\n\n\n<p>Le 4 f\u00e9vrier 2026, \u00e0 partir de 9h00, GreenWin, Wagralim et Calysta animent un worshop sur la propri\u00e9t\u00e9 intellectuelle et vous invitent \u00e0 d\u00e9couvrir des conseils et outils d&rsquo;aide \u00e0 la construction d&rsquo;un accord de consortium.<\/p>\n\n\n<div class=\"wp-block-image\">\n<figure class=\"aligncenter size-full is-resized\"><img decoding=\"async\" loading=\"lazy\" src=\"https:\/\/www.greenwin.tech\/forms\/wp-content\/uploads\/2025\/08\/Banniere-Atelier-Calysta.png\" alt=\"\" class=\"wp-image-521\" width=\"637\" height=\"212\" srcset=\"https:\/\/www.greenwin.tech\/forms\/wp-content\/uploads\/2025\/08\/Banniere-Atelier-Calysta.png 607w, https:\/\/www.greenwin.tech\/forms\/wp-content\/uploads\/2025\/08\/Banniere-Atelier-Calysta-300x100.png 300w\" sizes=\"(max-width: 637px) 85vw, 637px\" \/><\/figure><\/div>\n\n\n<p>9h00 \u2013 9h10&nbsp;: Accueil des participants<\/p>\n\n\n\n<p>9h10 \u2013 9h20&nbsp;: Introduction et tour de table<\/p>\n\n\n\n<p>9h20 \u2013 9h30&nbsp;: Pr\u00e9sentation \u00ab Tips &amp; Tricks \u00bb dans la mise en place de projets collaboratifs \u2013 Wagralim<\/p>\n\n\n\n<p>9h30&nbsp;\u2013 10h30 : Les grands principes d\u2019un accord de consortium et les pi\u00e8ges \u00e0 \u00e9viter \u2013 Calysta<\/p>\n\n\n\n<p>10h30 \u2013 11h15 : Mise en pratique et construction d\u2019un accord de consortium en sous-groupes (partie 1 \u2013 zoom sur le background).<\/p>\n\n\n\n<p><strong>Tarifs : <\/strong><br>Membre de GreenWin : 65\u20ac HTVA<br>Non-membre : 130\u20ac HTVA<\/p>\n\n\n<div class=\"everest-forms\"><script type='text\/javascript'>\n\/* <![CDATA[ *\/\nvar evf_settings = {\"currency_code\":\"EUR\",\"currency_thousands\":\".\",\"currency_decimal\":\",\",\"currency_symbol\":\"\\u20ac\",\"currency_symbol_pos\":\"right\"}\n\/* ]]> *\/\n<\/script>\n<p class=\"everst-forms-form-disable-notice everest-forms-notice everest-forms-notice--info\">This form is disabled.<\/p><\/div>","protected":false},"excerpt":{"rendered":"<p>Atelier sur la Propri\u00e9t\u00e9 Intellectuelle Le 4 f\u00e9vrier 2026, \u00e0 partir de 9h00, GreenWin, Wagralim et Calysta animent un worshop sur la propri\u00e9t\u00e9 intellectuelle et vous invitent \u00e0 d\u00e9couvrir des conseils et outils d&rsquo;aide \u00e0 la construction d&rsquo;un accord de consortium. 9h00 \u2013 9h10&nbsp;: Accueil des participants 9h10 \u2013 9h20&nbsp;: Introduction et tour de table &hellip; <a href=\"https:\/\/www.greenwin.tech\/forms\/?page_id=569\" class=\"more-link\">Continuer la lecture<span class=\"screen-reader-text\"> de &laquo;&nbsp;Atelier sur la Propri\u00e9t\u00e9 Intellectuelle 2026&nbsp;&raquo;<\/span><\/a><\/p>\n","protected":false},"author":2,"featured_media":0,"parent":0,"menu_order":0,"comment_status":"closed","ping_status":"closed","template":"","meta":[],"_links":{"self":[{"href":"https:\/\/www.greenwin.tech\/forms\/index.php?rest_route=\/wp\/v2\/pages\/569"}],"collection":[{"href":"https:\/\/www.greenwin.tech\/forms\/index.php?rest_route=\/wp\/v2\/pages"}],"about":[{"href":"https:\/\/www.greenwin.tech\/forms\/index.php?rest_route=\/wp\/v2\/types\/page"}],"author":[{"embeddable":true,"href":"https:\/\/www.greenwin.tech\/forms\/index.php?rest_route=\/wp\/v2\/users\/2"}],"replies":[{"embeddable":true,"href":"https:\/\/www.greenwin.tech\/forms\/index.php?rest_route=%2Fwp%2Fv2%2Fcomments&post=569"}],"version-history":[{"count":4,"href":"https:\/\/www.greenwin.tech\/forms\/index.php?rest_route=\/wp\/v2\/pages\/569\/revisions"}],"predecessor-version":[{"id":574,"href":"https:\/\/www.greenwin.tech\/forms\/index.php?rest_route=\/wp\/v2\/pages\/569\/revisions\/574"}],"wp:attachment":[{"href":"https:\/\/www.greenwin.tech\/forms\/index.php?rest_route=%2Fwp%2Fv2%2Fmedia&parent=569"}],"curies":[{"name":"wp","href":"https:\/\/api.w.org\/{rel}","templated":true}]}}