{"id":621,"date":"2026-03-31T15:57:56","date_gmt":"2026-03-31T13:57:56","guid":{"rendered":"https:\/\/www.greenwin.tech\/forms\/?page_id=621"},"modified":"2026-03-31T16:16:14","modified_gmt":"2026-03-31T14:16:14","slug":"home-sapiens-2026","status":"publish","type":"page","link":"https:\/\/www.greenwin.tech\/forms\/?page_id=621","title":{"rendered":"HOME SAPIENS 2026"},"content":{"rendered":"\n<figure class=\"wp-block-image size-large\"><img decoding=\"async\" loading=\"lazy\" width=\"1024\" height=\"256\" src=\"https:\/\/www.greenwin.tech\/forms\/wp-content\/uploads\/2026\/03\/Copie-de-Banner-HS-Google-Form-1024x256.jpg\" alt=\"\" class=\"wp-image-622\" srcset=\"https:\/\/www.greenwin.tech\/forms\/wp-content\/uploads\/2026\/03\/Copie-de-Banner-HS-Google-Form-1024x256.jpg 1024w, https:\/\/www.greenwin.tech\/forms\/wp-content\/uploads\/2026\/03\/Copie-de-Banner-HS-Google-Form-300x75.jpg 300w, https:\/\/www.greenwin.tech\/forms\/wp-content\/uploads\/2026\/03\/Copie-de-Banner-HS-Google-Form-768x192.jpg 768w, https:\/\/www.greenwin.tech\/forms\/wp-content\/uploads\/2026\/03\/Copie-de-Banner-HS-Google-Form-1536x384.jpg 1536w, https:\/\/www.greenwin.tech\/forms\/wp-content\/uploads\/2026\/03\/Copie-de-Banner-HS-Google-Form-1200x300.jpg 1200w, https:\/\/www.greenwin.tech\/forms\/wp-content\/uploads\/2026\/03\/Copie-de-Banner-HS-Google-Form.jpg 1600w\" sizes=\"(max-width: 709px) 85vw, (max-width: 909px) 67vw, (max-width: 1362px) 62vw, 840px\" \/><\/figure>\n\n\n\n<p class=\"has-large-font-size\" style=\"line-height:1.1\">\ud83c\udf1f Invitation \u00e0 la Soir\u00e9e de Remise des Prix Home Sapiens<\/p>\n\n\n\n<p style=\"font-style:normal;font-weight:100;line-height:1.5\">GreenWin vous convie \u00e0 un moment unique o\u00f9 cr\u00e9ativit\u00e9, innovation et vision du futur se rencontrent ! Home Sapiens est le fruit d\u2019un projet interg\u00e9n\u00e9rationnel et interdisciplinaire qui a rassembl\u00e9 40 \u00e9tudiants venus de toute la Wallonie, r\u00e9unis pendant deux weekends pour imaginer l\u2019habitat de 2100.<\/p>\n\n\n\n<p style=\"font-style:normal;font-weight:100\">Rejoignez-nous pour c\u00e9l\u00e9brer leur talent et d\u00e9couvrir des id\u00e9es qui feront r\u00eaver demain.<\/p>\n\n\n\n<p><strong>Au programme : <\/strong><\/p>\n\n\n\n<p>&#8211; Discours inspirant de notre marraine : Fran\u00e7oise N&rsquo;Th\u00e9p\u00e9<br>&#8211; D\u00e9couverte d&rsquo;une exposition hors du commun mettant en lumi\u00e8re les projets des \u00e9tudiants<br>&#8211; Remise des prix aux initiatives les plus audacieuses<br>&#8211; Cocktail networking pour \u00e9changer avec les cr\u00e9ateurs et les passionn\u00e9s d&rsquo;innovation<br><br>\ud83d\udcc5 Quand : 23 avril 2026, d\u00e8s 18h<br>\ud83d\udccd O\u00f9 : La Nef, Namur<br><br>Venez c\u00e9l\u00e9brer la cr\u00e9ativit\u00e9, l\u2019innovation et les visions audacieuses de demain !<br><\/p>\n\n\n<div class=\"everest-forms\"><script type='text\/javascript'>\n\/* <![CDATA[ *\/\nvar evf_settings = {\"currency_code\":\"EUR\",\"currency_thousands\":\".\",\"currency_decimal\":\",\",\"currency_symbol\":\"\\u20ac\",\"currency_symbol_pos\":\"right\"}\n\/* ]]> *\/\n<\/script>\n<div class=\"evf-container layout-two\" id=\"evf-620\"><form id=\"evf-form-620\" class=\"everest-form\" data-formid=\"620\" data-ajax_submission=\"0\" data-keyboard_friendly_form=\"0\" method=\"post\" enctype=\"multipart\/form-data\" action=\"\/forms\/index.php?rest_route=%2Fwp%2Fv2%2Fpages%2F621\"><div class=\"evf-field-container\"><input type=\"hidden\" id=\"_wpnonce620\" name=\"_wpnonce620\" value=\"aff580585c\" \/><input type=\"hidden\" name=\"_wp_http_referer\" value=\"\/forms\/index.php?rest_route=%2Fwp%2Fv2%2Fpages%2F621\" \/><div class=\"evf-frontend-row\" data-row=\"row_1\" conditional_rules=\"[]\"><div class=\"evf-frontend-grid evf-grid-2\" data-grid=\"grid_1\"><div id=\"evf-620-field_0rRKcrjjLs-1-container\" class=\"evf-field evf-field-first-name form-row validate-required\" data-required-field-message=\"Ce champs est obligatoire.\" data-field-id=\"0rRKcrjjLs-1\"><label class=\"evf-field-label\" for=\"evf-620-field_0rRKcrjjLs-1\"><span class=\"evf-label\">Pr\u00e9nom<\/span> <abbr class=\"required\" title=\"Required\">*<\/abbr><\/label><input type=\"text\" id=\"evf-620-field_0rRKcrjjLs-1\" class=\"input-text\" name=\"everest_forms[form_fields][0rRKcrjjLs-1]\" conditional_id=\"0rRKcrjjLs-1\" required><\/div><div id=\"evf-620-field_dGKmAhjyol-3-container\" class=\"evf-field evf-field-email form-row validate-required validate-email\" data-required-field-message=\"Merci d&#039;encoder une adresse mail valide\" data-field-id=\"dGKmAhjyol-3\"><label class=\"evf-field-label\" for=\"evf-620-field_dGKmAhjyol-3\"><span class=\"evf-label\">Email<\/span> <abbr class=\"required\" title=\"Required\">*<\/abbr><\/label><input type=\"email\" id=\"evf-620-field_dGKmAhjyol-3\" class=\"input-text\" name=\"everest_forms[form_fields][dGKmAhjyol-3]\" conditional_id=\"dGKmAhjyol-3\" required ><\/div><\/div><div class=\"evf-frontend-grid evf-grid-2\" data-grid=\"grid_2\"><div id=\"evf-620-field_QxFdPhC06p-2-container\" class=\"evf-field evf-field-last-name form-row validate-required\" data-required-field-message=\"Ce champs est obligatoire.\" data-field-id=\"QxFdPhC06p-2\"><label class=\"evf-field-label\" for=\"evf-620-field_QxFdPhC06p-2\"><span class=\"evf-label\">Nom<\/span> <abbr class=\"required\" title=\"Required\">*<\/abbr><\/label><input type=\"text\" id=\"evf-620-field_QxFdPhC06p-2\" class=\"input-text\" name=\"everest_forms[form_fields][QxFdPhC06p-2]\" conditional_id=\"QxFdPhC06p-2\" required><\/div><\/div><\/div><div class=\"evf-frontend-row\" data-row=\"row_3\" conditional_rules=\"[]\"><div class=\"evf-frontend-grid evf-grid-1\" data-grid=\"grid_1\"><div id=\"evf-620-field_GnaAFqjp7z-9-container\" class=\"evf-field evf-field-text form-row validate-required\" data-required-field-message=\"Ce champs est obligatoire.\" data-field-id=\"GnaAFqjp7z-9\"><label class=\"evf-field-label\" for=\"evf-620-field_GnaAFqjp7z-9\"><span class=\"evf-label\">Nom de l&rsquo;entit\u00e9\/entreprise\/organisation<\/span> <abbr class=\"required\" title=\"Required\">*<\/abbr><\/label><input type=\"text\" id=\"evf-620-field_GnaAFqjp7z-9\" class=\"input-text\" name=\"everest_forms[form_fields][GnaAFqjp7z-9]\" conditional_id=\"GnaAFqjp7z-9\" required><\/div><div id=\"evf-620-field_bu2CktgZVq-11-container\" class=\"evf-field evf-field-radio form-row validate-required\" data-required-field-message=\"Ce champs est obligatoire.\" data-field-id=\"bu2CktgZVq-11\"><label class=\"evf-field-label\" for=\"evf-620-field_bu2CktgZVq-11\"><span class=\"evf-label\">Type d&rsquo;organisme<\/span> <abbr class=\"required\" title=\"Required\">*<\/abbr><\/label><ul id=\"evf-620-field_bu2CktgZVq-11\" class=\" evf-field-required\"><li class=\"choice-1 depth-1\"><input type=\"radio\" id=\"evf-620-field_bu2CktgZVq-11_1\" class=\"input-text\" name=\"everest_forms[form_fields][bu2CktgZVq-11]\" value=\"Haute \u00c9cole\" conditional_id=\"bu2CktgZVq-11\" required ><label class=\"everest-forms-field-label-inline\" for=\"evf-620-field_bu2CktgZVq-11_1\">Haute \u00c9cole<\/label><\/li><li class=\"choice-2 depth-1\"><input type=\"radio\" id=\"evf-620-field_bu2CktgZVq-11_2\" class=\"input-text\" name=\"everest_forms[form_fields][bu2CktgZVq-11]\" value=\"Universit\u00e9\" conditional_id=\"bu2CktgZVq-11\" required ><label class=\"everest-forms-field-label-inline\" for=\"evf-620-field_bu2CktgZVq-11_2\">Universit\u00e9<\/label><\/li><li class=\"choice-3 depth-1\"><input type=\"radio\" id=\"evf-620-field_bu2CktgZVq-11_3\" class=\"input-text\" name=\"everest_forms[form_fields][bu2CktgZVq-11]\" value=\"Entreprise\" conditional_id=\"bu2CktgZVq-11\" required ><label class=\"everest-forms-field-label-inline\" for=\"evf-620-field_bu2CktgZVq-11_3\">Entreprise<\/label><\/li><li class=\"choice-4 depth-1\"><input type=\"radio\" id=\"evf-620-field_bu2CktgZVq-11_4\" class=\"input-text\" name=\"everest_forms[form_fields][bu2CktgZVq-11]\" value=\"Centre de formation\" conditional_id=\"bu2CktgZVq-11\" required ><label class=\"everest-forms-field-label-inline\" for=\"evf-620-field_bu2CktgZVq-11_4\">Centre de formation<\/label><\/li><li class=\"choice-5 depth-1\"><input type=\"radio\" id=\"evf-620-field_bu2CktgZVq-11_5\" class=\"input-text\" name=\"everest_forms[form_fields][bu2CktgZVq-11]\" value=\"Autre\" conditional_id=\"bu2CktgZVq-11\" required ><label class=\"everest-forms-field-label-inline\" for=\"evf-620-field_bu2CktgZVq-11_5\">Autre<\/label><\/li><\/ul><\/div><div id=\"evf-620-field_1OYazL10yP-12-container\" class=\"evf-field evf-field-text form-row\" data-field-id=\"1OYazL10yP-12\"><label class=\"evf-field-label\" for=\"evf-620-field_1OYazL10yP-12\"><span class=\"evf-label\">Si autre, veuillez pr\u00e9ciser<\/span> <\/label><input type=\"text\" id=\"evf-620-field_1OYazL10yP-12\" class=\"input-text\" name=\"everest_forms[form_fields][1OYazL10yP-12]\" conditional_id=\"1OYazL10yP-12\" ><\/div><\/div><\/div><div class=\"evf-frontend-row\" data-row=\"row_4\" conditional_rules=\"[]\"><div class=\"evf-frontend-grid evf-grid-1\" data-grid=\"grid_1\"><div id=\"evf-620-field_yV8Ygt84yN-13-container\" class=\"evf-field evf-field-radio form-row\" data-field-id=\"yV8Ygt84yN-13\"><label class=\"evf-field-label\" for=\"evf-620-field_yV8Ygt84yN-13\"><span class=\"evf-label\">\u00c9tiez-vous d\u00e9j\u00e0 pr\u00e9sent lors de la soir\u00e9e Home Sapiens en 2025 ?<\/span> <\/label><ul id=\"evf-620-field_yV8Ygt84yN-13\"><li class=\"choice-1 depth-1\"><input type=\"radio\" id=\"evf-620-field_yV8Ygt84yN-13_1\" class=\"input-text\" name=\"everest_forms[form_fields][yV8Ygt84yN-13]\" value=\"Oui\" conditional_id=\"yV8Ygt84yN-13\"  ><label class=\"everest-forms-field-label-inline\" for=\"evf-620-field_yV8Ygt84yN-13_1\">Oui<\/label><\/li><li class=\"choice-2 depth-1\"><input type=\"radio\" id=\"evf-620-field_yV8Ygt84yN-13_2\" class=\"input-text\" name=\"everest_forms[form_fields][yV8Ygt84yN-13]\" value=\"Non\" conditional_id=\"yV8Ygt84yN-13\"  ><label class=\"everest-forms-field-label-inline\" for=\"evf-620-field_yV8Ygt84yN-13_2\">Non<\/label><\/li><\/ul><\/div><\/div><\/div><\/div><div class=\"evf-honeypot-container evf-field-hp\"><label for=\"evf-620-field-hp\" class=\"evf-field-label\">Phone<\/label><input type=\"text\" name=\"everest_forms[hp]\" id=\"evf-620-field-hp\" class=\"input-text\"><\/div><div class=\"evf-submit-container \" ><input type=\"hidden\" name=\"everest_forms[id]\" value=\"620\"><input type=\"hidden\" name=\"everest_forms[author]\" value=\"2\"><button type='submit' name='everest_forms[submit]' class='everest-forms-submit-button button evf-submit ' id='evf-submit-620' value='evf-submit' data-process-text=\"Processing\u2026\" conditional_rules='&quot;&quot;' conditional_id='evf-submit-620'  id=\"evf-submit-620\" aria-live=\"assertive\">Submit<\/button><\/div><\/form><\/div><!-- .evf-container --><\/div>","protected":false},"excerpt":{"rendered":"<p>\ud83c\udf1f Invitation \u00e0 la Soir\u00e9e de Remise des Prix Home Sapiens GreenWin vous convie \u00e0 un moment unique o\u00f9 cr\u00e9ativit\u00e9, innovation et vision du futur se rencontrent ! Home Sapiens est le fruit d\u2019un projet interg\u00e9n\u00e9rationnel et interdisciplinaire qui a rassembl\u00e9 40 \u00e9tudiants venus de toute la Wallonie, r\u00e9unis pendant deux weekends pour imaginer l\u2019habitat &hellip; <a href=\"https:\/\/www.greenwin.tech\/forms\/?page_id=621\" class=\"more-link\">Continuer la lecture<span class=\"screen-reader-text\"> de &laquo;&nbsp;HOME SAPIENS 2026&nbsp;&raquo;<\/span><\/a><\/p>\n","protected":false},"author":2,"featured_media":0,"parent":0,"menu_order":0,"comment_status":"closed","ping_status":"closed","template":"","meta":[],"_links":{"self":[{"href":"https:\/\/www.greenwin.tech\/forms\/index.php?rest_route=\/wp\/v2\/pages\/621"}],"collection":[{"href":"https:\/\/www.greenwin.tech\/forms\/index.php?rest_route=\/wp\/v2\/pages"}],"about":[{"href":"https:\/\/www.greenwin.tech\/forms\/index.php?rest_route=\/wp\/v2\/types\/page"}],"author":[{"embeddable":true,"href":"https:\/\/www.greenwin.tech\/forms\/index.php?rest_route=\/wp\/v2\/users\/2"}],"replies":[{"embeddable":true,"href":"https:\/\/www.greenwin.tech\/forms\/index.php?rest_route=%2Fwp%2Fv2%2Fcomments&post=621"}],"version-history":[{"count":3,"href":"https:\/\/www.greenwin.tech\/forms\/index.php?rest_route=\/wp\/v2\/pages\/621\/revisions"}],"predecessor-version":[{"id":627,"href":"https:\/\/www.greenwin.tech\/forms\/index.php?rest_route=\/wp\/v2\/pages\/621\/revisions\/627"}],"wp:attachment":[{"href":"https:\/\/www.greenwin.tech\/forms\/index.php?rest_route=%2Fwp%2Fv2%2Fmedia&parent=621"}],"curies":[{"name":"wp","href":"https:\/\/api.w.org\/{rel}","templated":true}]}}