{"id":643,"date":"2026-04-28T14:30:01","date_gmt":"2026-04-28T12:30:01","guid":{"rendered":"https:\/\/www.greenwin.tech\/forms\/?page_id=643"},"modified":"2026-04-28T14:32:48","modified_gmt":"2026-04-28T12:32:48","slug":"workshop-bilan-carbone","status":"publish","type":"page","link":"https:\/\/www.greenwin.tech\/forms\/?page_id=643","title":{"rendered":"Workshop &#8211; Bilan Carbone\u00ae"},"content":{"rendered":"\n<p>Le\u00a0<strong>13 mai\u00a0prochain \u00e0 partir de 9h00<\/strong>,GreenWin et D-Carbonize animent un workshop sur le bilan carbone, un moment durant lequel vous serez <strong>conseill\u00e9<\/strong> et aurez \u00e9galement l\u2019occasion de <strong>remplir vous-m\u00eame une premi\u00e8re version de votre Bilan carbone\u00ae<\/strong>.<\/p>\n\n\n\n<p><strong>Qui peut participer&nbsp;?<\/strong> <br>Toute personne qui souhaite r\u00e9aliser un premier bilan carbone de son entreprise.<\/p>\n\n\n\n<p><strong>Programme<\/strong><br><strong>9h00<\/strong> : Accueil des participants&nbsp;<br><strong>9h10<\/strong> : Introduction et tour de table&nbsp;<br><strong>9h20<\/strong> : Positionnement de l\u2019outil bilan carbone parmi les autres outils d\u2019\u00e9valuation de l\u2019impact environnemental \u2013 GreenWin<br><strong>9h30<\/strong> : Les grands principes du bilan carbone et pr\u00e9sentation de l\u2019outil \u00ab&nbsp;Carbon Cockpit&nbsp;\u00bb&nbsp;&nbsp; \u2013 D-Carbonize<br><strong>10h<\/strong>&nbsp;:&nbsp; Mise en pratique&nbsp;; prise en main de l\u2019outil \u00ab&nbsp;Carbon Cockpit&nbsp;\u00bb&nbsp;par les participants via un acc\u00e8s personnel \u00e0 la plateforme<br><strong>10h30<\/strong> : Pause&nbsp;<br><strong>10h45<\/strong> : Mise en pratique&nbsp;; remplissage des donn\u00e9es du scope 1 et 2 avec le support d\u2019un expert de D-Carbonize<br><strong>12h15<\/strong> : Restitution et \u00e9changes&nbsp;<br><strong>12h45<\/strong> : Q&amp;A et conclusions<br><strong>13h<\/strong> : Lunch&nbsp;et&nbsp;networking&nbsp;<br><strong>14h<\/strong> : Fin<\/p>\n\n\n\n<p><strong>Pr\u00e9requis<\/strong><br>Afin de pouvoir participer sereinement \u00e0 la mise en pratique du bilan carbone, il sera demand\u00e9 \u00e0 chaque participant de venir \u00e0 la session avec <strong>quelques donn\u00e9es \u00e0 collecter au pr\u00e9alable<\/strong>&nbsp;: soit les consommations exactes de l\u2019entreprise, soit des donn\u00e9es permettant de les extrapoler (surface des bureaux, etc.).<br><em>Un template Excel sera envoy\u00e9 \u00e0 tous les participants inscrits.<\/em><\/p>\n\n\n\n<p><strong>Date et lieu<\/strong><br>Le <strong>13 mai de 9h \u00e0 14h&nbsp;<\/strong>\u00e0<strong> Gosselies.<\/strong><\/p>\n\n\n\n<p><strong>Tarifs et inscription<\/strong><br>&#8211; Membre : 65\u20ac HTVA&nbsp;<br>&#8211; Non-membre : 130\u20ac HTVA&nbsp;<\/p>\n\n\n<div class=\"everest-forms\"><script type='text\/javascript'>\n\/* <![CDATA[ *\/\nvar evf_settings = {\"currency_code\":\"EUR\",\"currency_thousands\":\".\",\"currency_decimal\":\",\",\"currency_symbol\":\"\\u20ac\",\"currency_symbol_pos\":\"right\"}\n\/* ]]> *\/\n<\/script>\n<div class=\"evf-container default\" id=\"evf-642\"><form id=\"evf-form-642\" class=\"everest-form\" data-formid=\"642\" data-ajax_submission=\"0\" data-keyboard_friendly_form=\"0\" method=\"post\" enctype=\"multipart\/form-data\" action=\"\/forms\/index.php?rest_route=%2Fwp%2Fv2%2Fpages%2F643\"><div class=\"evf-field-container\"><input type=\"hidden\" id=\"_wpnonce642\" name=\"_wpnonce642\" value=\"48925913c9\" \/><input type=\"hidden\" name=\"_wp_http_referer\" value=\"\/forms\/index.php?rest_route=%2Fwp%2Fv2%2Fpages%2F643\" \/><div class=\"evf-frontend-row\" data-row=\"row_1\" conditional_rules=\"[]\"><div class=\"evf-frontend-grid evf-grid-1\" data-grid=\"grid_1\"><div id=\"evf-642-field_ys0GeZISRs-1-container\" class=\"evf-field evf-field-first-name form-row validate-required\" data-required-field-message=\"Ce champs est obligatoire.\" data-field-id=\"ys0GeZISRs-1\"><label class=\"evf-field-label\" for=\"evf-642-field_ys0GeZISRs-1\"><span class=\"evf-label\">Nom<\/span> <abbr class=\"required\" title=\"Required\">*<\/abbr><\/label><input type=\"text\" id=\"evf-642-field_ys0GeZISRs-1\" class=\"input-text\" name=\"everest_forms[form_fields][ys0GeZISRs-1]\" conditional_id=\"ys0GeZISRs-1\" required><\/div><div id=\"evf-642-field_FhV1mzbTpA-5-container\" class=\"evf-field evf-field-first-name form-row validate-required\" data-required-field-message=\"Ce champs est obligatoire.\" data-field-id=\"FhV1mzbTpA-5\"><label class=\"evf-field-label\" for=\"evf-642-field_FhV1mzbTpA-5\"><span class=\"evf-label\">Pr\u00e9nom<\/span> <abbr class=\"required\" title=\"Required\">*<\/abbr><\/label><input type=\"text\" id=\"evf-642-field_FhV1mzbTpA-5\" class=\"input-text\" name=\"everest_forms[form_fields][FhV1mzbTpA-5]\" conditional_id=\"FhV1mzbTpA-5\" required><\/div><div id=\"evf-642-field_LbH5NxasXM-2-container\" class=\"evf-field evf-field-email form-row validate-required validate-email\" data-required-field-message=\"Merci d&#039;encoder une adresse mail valide\" data-field-id=\"LbH5NxasXM-2\"><label class=\"evf-field-label\" for=\"evf-642-field_LbH5NxasXM-2\"><span class=\"evf-label\">Email<\/span> <abbr class=\"required\" title=\"Required\">*<\/abbr><\/label><input type=\"email\" id=\"evf-642-field_LbH5NxasXM-2\" class=\"input-text\" name=\"everest_forms[form_fields][LbH5NxasXM-2]\" conditional_id=\"LbH5NxasXM-2\" required ><\/div><div id=\"evf-642-field_x825nZjbmw-7-container\" class=\"evf-field evf-field-text form-row validate-required\" data-required-field-message=\"Ce champs est obligatoire.\" data-field-id=\"x825nZjbmw-7\"><label class=\"evf-field-label\" for=\"evf-642-field_x825nZjbmw-7\"><span class=\"evf-label\">Nom de l&rsquo;entreprise<\/span> <abbr class=\"required\" title=\"Required\">*<\/abbr><\/label><input type=\"text\" id=\"evf-642-field_x825nZjbmw-7\" class=\"input-text\" name=\"everest_forms[form_fields][x825nZjbmw-7]\" conditional_id=\"x825nZjbmw-7\" required><\/div><div id=\"evf-642-field_QwrGk3xYEA-6-container\" class=\"evf-field evf-field-text form-row validate-required\" data-required-field-message=\"Ce champs est obligatoire.\" data-field-id=\"QwrGk3xYEA-6\"><label class=\"evf-field-label\" for=\"evf-642-field_QwrGk3xYEA-6\"><span class=\"evf-label\">Num\u00e9ro de TVA<\/span> <abbr class=\"required\" title=\"Required\">*<\/abbr><\/label><input type=\"text\" id=\"evf-642-field_QwrGk3xYEA-6\" class=\"input-text\" name=\"everest_forms[form_fields][QwrGk3xYEA-6]\" conditional_id=\"QwrGk3xYEA-6\" required><\/div><div id=\"evf-642-field_ThO6qncP3Q-8-container\" class=\"evf-field evf-field-radio form-row validate-required\" data-required-field-message=\"Ce champs est obligatoire.\" data-field-id=\"ThO6qncP3Q-8\"><label class=\"evf-field-label\" for=\"evf-642-field_ThO6qncP3Q-8\"><span class=\"evf-label\">\u00cates-vous membre de GreenWin ?<\/span> <abbr class=\"required\" title=\"Required\">*<\/abbr><\/label><ul id=\"evf-642-field_ThO6qncP3Q-8\" class=\" evf-field-required\"><li class=\"choice-1 depth-1\"><input type=\"radio\" id=\"evf-642-field_ThO6qncP3Q-8_1\" class=\"input-text\" name=\"everest_forms[form_fields][ThO6qncP3Q-8]\" value=\"Oui - 65\u20ac HTVA\" conditional_id=\"ThO6qncP3Q-8\" required ><label class=\"everest-forms-field-label-inline\" for=\"evf-642-field_ThO6qncP3Q-8_1\">Oui &#8211; 65\u20ac HTVA<\/label><\/li><li class=\"choice-2 depth-1\"><input type=\"radio\" id=\"evf-642-field_ThO6qncP3Q-8_2\" class=\"input-text\" name=\"everest_forms[form_fields][ThO6qncP3Q-8]\" value=\"Non - 130\u20ac HTVA\" conditional_id=\"ThO6qncP3Q-8\" required ><label class=\"everest-forms-field-label-inline\" for=\"evf-642-field_ThO6qncP3Q-8_2\">Non &#8211; 130\u20ac HTVA<\/label><\/li><\/ul><\/div><\/div><\/div><div class=\"evf-frontend-row\" data-row=\"row_2\" conditional_rules=\"[]\"><div class=\"evf-frontend-grid evf-grid-1\" data-grid=\"grid_1\"><div id=\"evf-642-field_oub9wp62t1-9-container\" class=\"evf-field evf-field-radio form-row validate-required\" data-required-field-message=\"Ce champs est obligatoire.\" data-field-id=\"oub9wp62t1-9\"><label class=\"evf-field-label\" for=\"evf-642-field_oub9wp62t1-9\"><span class=\"evf-label\">Aurez-vous besoin d&rsquo;un num\u00e9ro de bon de commande ?<\/span> <abbr class=\"required\" title=\"Required\">*<\/abbr><\/label><ul id=\"evf-642-field_oub9wp62t1-9\" class=\" evf-field-required\"><li class=\"choice-1 depth-1\"><input type=\"radio\" id=\"evf-642-field_oub9wp62t1-9_1\" class=\"input-text\" name=\"everest_forms[form_fields][oub9wp62t1-9]\" value=\"Oui\" conditional_id=\"oub9wp62t1-9\" required ><label class=\"everest-forms-field-label-inline\" for=\"evf-642-field_oub9wp62t1-9_1\">Oui<\/label><\/li><li class=\"choice-2 depth-1\"><input type=\"radio\" id=\"evf-642-field_oub9wp62t1-9_2\" class=\"input-text\" name=\"everest_forms[form_fields][oub9wp62t1-9]\" value=\"Non\" conditional_id=\"oub9wp62t1-9\" required ><label class=\"everest-forms-field-label-inline\" for=\"evf-642-field_oub9wp62t1-9_2\">Non<\/label><\/li><\/ul><\/div><\/div><\/div><\/div><div class=\"evf-honeypot-container evf-field-hp\"><label for=\"evf-642-field-hp\" class=\"evf-field-label\">Phone<\/label><input type=\"text\" name=\"everest_forms[hp]\" id=\"evf-642-field-hp\" class=\"input-text\"><\/div><div class=\"evf-submit-container \" ><input type=\"hidden\" name=\"everest_forms[id]\" value=\"642\"><input type=\"hidden\" name=\"everest_forms[author]\" value=\"2\"><button type='submit' name='everest_forms[submit]' class='everest-forms-submit-button button evf-submit ' id='evf-submit-642' value='evf-submit' data-process-text=\"Processing\u2026\" conditional_rules='&quot;&quot;' conditional_id='evf-submit-642'  id=\"evf-submit-642\" aria-live=\"assertive\">Submit<\/button><\/div><\/form><\/div><!-- .evf-container --><\/div>","protected":false},"excerpt":{"rendered":"<p>Le\u00a013 mai\u00a0prochain \u00e0 partir de 9h00,GreenWin et D-Carbonize animent un workshop sur le bilan carbone, un moment durant lequel vous serez conseill\u00e9 et aurez \u00e9galement l\u2019occasion de remplir vous-m\u00eame une premi\u00e8re version de votre Bilan carbone\u00ae. Qui peut participer&nbsp;? Toute personne qui souhaite r\u00e9aliser un premier bilan carbone de son entreprise. Programme9h00 : Accueil des &hellip; <a href=\"https:\/\/www.greenwin.tech\/forms\/?page_id=643\" class=\"more-link\">Continuer la lecture<span class=\"screen-reader-text\"> de &laquo;&nbsp;Workshop &#8211; Bilan Carbone\u00ae&nbsp;&raquo;<\/span><\/a><\/p>\n","protected":false},"author":2,"featured_media":644,"parent":0,"menu_order":0,"comment_status":"closed","ping_status":"closed","template":"","meta":[],"_links":{"self":[{"href":"https:\/\/www.greenwin.tech\/forms\/index.php?rest_route=\/wp\/v2\/pages\/643"}],"collection":[{"href":"https:\/\/www.greenwin.tech\/forms\/index.php?rest_route=\/wp\/v2\/pages"}],"about":[{"href":"https:\/\/www.greenwin.tech\/forms\/index.php?rest_route=\/wp\/v2\/types\/page"}],"author":[{"embeddable":true,"href":"https:\/\/www.greenwin.tech\/forms\/index.php?rest_route=\/wp\/v2\/users\/2"}],"replies":[{"embeddable":true,"href":"https:\/\/www.greenwin.tech\/forms\/index.php?rest_route=%2Fwp%2Fv2%2Fcomments&post=643"}],"version-history":[{"count":2,"href":"https:\/\/www.greenwin.tech\/forms\/index.php?rest_route=\/wp\/v2\/pages\/643\/revisions"}],"predecessor-version":[{"id":646,"href":"https:\/\/www.greenwin.tech\/forms\/index.php?rest_route=\/wp\/v2\/pages\/643\/revisions\/646"}],"wp:featuredmedia":[{"embeddable":true,"href":"https:\/\/www.greenwin.tech\/forms\/index.php?rest_route=\/wp\/v2\/media\/644"}],"wp:attachment":[{"href":"https:\/\/www.greenwin.tech\/forms\/index.php?rest_route=%2Fwp%2Fv2%2Fmedia&parent=643"}],"curies":[{"name":"wp","href":"https:\/\/api.w.org\/{rel}","templated":true}]}}